

{"id":36,"date":"2020-09-27T14:11:44","date_gmt":"2020-09-27T12:11:44","guid":{"rendered":"http:\/\/bac.univ-bouira.dz\/?page_id=36"},"modified":"2025-06-16T10:59:26","modified_gmt":"2025-06-16T08:59:26","slug":"accueil","status":"publish","type":"page","link":"http:\/\/www.univ-bouira.dz\/bac\/","title":{"rendered":"."},"content":{"rendered":"\n<div class=\"wp-block-buttons is-layout-flex\">\n<div class=\"wp-block-button has-custom-width wp-block-button__width-100 is-style-fill\"><a class=\"wp-block-button__link has-background wp-element-button\" style=\"border-radius:0px;background:linear-gradient(135deg,rgb(20,101,136) 0%,rgba(114,170,238,0.97) 100%)\">&nbsp; \u0623\u0644\u0641 \u0645\u0628\u0631\u0648\u0643 \u0648\u0645\u0631\u062d\u0628\u0627 \u0628\u0643\u0645 \u0641\u064a \u062c\u0627\u0645\u0639\u0629 \u0627\u0644\u0628\u0648\u064a\u0631\u0629<\/a><\/div>\n\n\n\n<div class=\"wp-block-button has-custom-width wp-block-button__width-100 is-style-fill\"><a class=\"wp-block-button__link has-background wp-element-button\" style=\"border-radius:0px;background:linear-gradient(135deg,rgb(122,220,180) 0%,rgb(6,162,105) 100%)\">F\u00e9licitations&nbsp; et bienvenue \u00e0 l&rsquo;universit\u00e9 de Bouira&nbsp;&nbsp;<\/a><\/div>\n<\/div>\n\n\n<div class=\"su-youtube su-responsive-media-yes\"><iframe width=\"820\" height=\"540\" src=\"https:\/\/www.youtube.com\/embed\/aSl1ab1G5Fg?autoplay=1&mute=1\" frameborder=\"0\" allowfullscreen=\"true\"><\/iframe><\/div>\u00ab\u00a0<\/p>\n\n\n<div class=\"su-youtube su-responsive-media-yes\"><iframe width=\"820\" height=\"540\" src=\"https:\/\/www.youtube.com\/embed\/83DTrEN3DCw?autoplay=1\" frameborder=\"0\" allowfullscreen=\"true\"><\/iframe><\/div>\n\n\n\n<p class=\"has-text-align-center has-white-color has-text-color has-background has-small-font-size\" style=\"background:linear-gradient(90deg,rgb(8,138,194) 0%,rgb(26,178,122) 100%)\">\u0632\u064a\u0627\u0631\u0627\u062a \u0627\u0641\u062a\u0631\u0627\u0636\u064a\u0629 \u0644\u0643\u0644\u064a\u0627\u062a \u0648\u0645\u0639\u0627\u0647\u062f \u0627\u0644\u062c\u0627\u0645\u0639\u0629<\/p>\n\n\n\n<div class=\"wp-block-buttons is-content-justification-center is-layout-flex wp-container-2\">\n<div class=\"wp-block-button has-custom-font-size is-style-outline has-small-font-size\"><a class=\"wp-block-button__link wp-element-button\" href=\"https:\/\/teliportme.com\/view\/2277800\/panorama\" style=\"border-radius:0px\">\u0631\u0626\u0627\u0633\u0629 \u0627\u0644\u062c\u0627\u0645\u0639\u0629<\/a><\/div>\n\n\n\n<div class=\"wp-block-button has-custom-font-size is-style-outline has-small-font-size\"><a class=\"wp-block-button__link wp-element-button\" href=\"https:\/\/youtu.be\/uls9iqia-n0\" style=\"border-radius:0px\">\u0643\u0644\u064a\u0629 \u0627\u0644\u0639\u0644\u0648\u0645 \u0627\u0644\u0625\u0642\u062a\u0635\u0627\u062f\u064a\u0629\u060c \u0627\u0644\u062a\u062c\u0627\u0631\u064a\u0629 \u0648\u0639\u0644\u0648\u0645 \u0627\u0644\u062a\u0633\u064a\u064a\u0631<\/a><\/div>\n\n\n\n<div class=\"wp-block-button has-custom-font-size is-style-outline has-small-font-size\"><a class=\"wp-block-button__link wp-element-button\" href=\"https:\/\/teliportme.com\/view\/2278309\" style=\"border-radius:0px\">\u0643\u0644\u064a\u0629 \u0627\u0644\u0639\u0644\u0648\u0645 \u0648\u0627\u0644\u0639\u0644\u0648\u0645 \u0627\u0644\u062a\u0637\u0628\u064a\u0642\u064a\u0629<\/a><\/div>\n\n\n\n<div class=\"wp-block-button has-custom-font-size is-style-outline has-small-font-size\"><a class=\"wp-block-button__link wp-element-button\" href=\"https:\/\/teliportme.com\/embed\/tour\/b72cf141\" style=\"border-radius:0px\">\u0643\u0644\u064a\u0629 \u0639\u0644\u0648\u0645 \u0627\u0644\u0637\u0628\u064a\u0639\u0629 \u0648\u0627\u0644\u062d\u064a\u0627\u0629 \u0648\u0639\u0644\u0648\u0645 \u0627\u0644\u0623\u0631\u0636<\/a><\/div>\n\n\n\n<div class=\"wp-block-button has-custom-font-size is-style-outline has-small-font-size\"><a class=\"wp-block-button__link wp-element-button\" style=\"border-radius:0px\">\u0643\u0644\u064a\u0629 \u0627\u0644\u0623\u062f\u0628 \u0648\u0627\u0644\u0644\u063a\u0627\u062a<\/a><\/div>\n\n\n\n<div class=\"wp-block-button has-custom-font-size is-style-outline has-small-font-size\"><a class=\"wp-block-button__link wp-element-button\" style=\"border-radius:0px\">\u0643\u0644\u064a\u0629 \u0627\u0644\u0639\u0644\u0648\u0645 \u0627\u0644\u0625\u0646\u0633\u0627\u0646\u064a\u0629 \u0648\u0627\u0644\u0625\u062c\u062a\u0645\u0627\u0639\u064a\u0629<\/a><\/div>\n\n\n\n<div class=\"wp-block-button has-custom-font-size is-style-outline has-small-font-size\"><a class=\"wp-block-button__link wp-element-button\" href=\"https:\/\/www.univ-bouira.dz\/bac\/?p=1271\" style=\"border-radius:0px\">\u0643\u0644\u064a\u0629 \u0627\u0644\u062d\u0642\u0648\u0642 \u0648\u0627\u0644\u0639\u0644\u0648\u0645 \u0627\u0644\u0633\u064a\u0627\u0633\u064a\u0629<\/a><\/div>\n\n\n\n<div class=\"wp-block-button has-custom-font-size is-style-outline has-small-font-size\"><a class=\"wp-block-button__link wp-element-button\" style=\"border-radius:0px\">\u0645\u0639\u0647\u062f \u0627\u0644\u062a\u0643\u0646\u0648\u0644\u0648\u062c\u064a\u0627<\/a><\/div>\n\n\n\n<div class=\"wp-block-button has-custom-font-size is-style-outline has-small-font-size\"><a class=\"wp-block-button__link wp-element-button\" style=\"border-radius:0px\">\u0645\u0639\u0647\u062f \u0639\u0644\u0648\u0645 \u0648\u062a\u0642\u0646\u064a\u0627\u062a \u0627\u0644\u0646\u0634\u0627\u0637\u0627\u062a \u0627\u0644\u0628\u062f\u0646\u064a\u0629 \u0648\u0627\u0644\u0631\u064a\u0627\u0636\u064a\u0629<\/a><\/div>\n<\/div>\n\n\n\n<div style=\"height:19px\" aria-hidden=\"true\" class=\"wp-block-spacer\"><\/div>\n\n\n\n<p class=\"has-text-align-center has-white-color has-text-color has-background has-small-font-size\" style=\"background:linear-gradient(135deg,rgb(8,138,194) 0%,rgb(26,178,122) 100%)\">\u0627\u0644\u0648\u0627\u062c\u0647\u0627\u062a<\/p>\n\n\n\n<div class=\"wp-block-buttons is-content-justification-center is-layout-flex wp-container-3\">\n<div class=\"wp-block-button has-custom-font-size is-style-outline has-small-font-size\"><a class=\"wp-block-button__link wp-element-button\" href=\"http:\/\/www.univ-bouira.dz\/bac\/wp-content\/uploads\/2024\/07\/\u0645\u0631\u0643\u0632-\u062a\u0643\u0648\u064a\u0631-\u0627\u0644\u0645\u0642\u0627\u0648\u0644\u0627\u062a\u064a\u0629-\u2010-Realisee-avec-Clipchamp.mp4\">\u0645\u0631\u0643\u0632 \u062a\u0637\u0648\u064a\u0631 \u0627\u0644\u0645\u0642\u0627\u0648\u0644\u0627\u062a\u064a\u0629<\/a><\/div>\n\n\n\n<div class=\"wp-block-button has-custom-font-size is-style-outline has-small-font-size\"><a class=\"wp-block-button__link wp-element-button\">\u062d\u0627\u0636\u0646\u0629 \u0627\u0644\u0623\u0639\u0645\u0627\u0644 <\/a><\/div>\n\n\n\n<div class=\"wp-block-button has-custom-font-size is-style-outline has-small-font-size\"><a class=\"wp-block-button__link wp-element-button\">\u0645\u0631\u0643\u0632 \u062f\u0639\u0645 \u0627\u0644\u062a\u0643\u0646\u0648\u0644\u0648\u062c\u064a\u0627 \u0648\u0627\u0644\u0625\u0628\u062a\u0643\u0627\u0631<\/a><\/div>\n\n\n\n<div class=\"wp-block-button has-custom-font-size is-style-outline has-small-font-size\"><a class=\"wp-block-button__link has-text-align-center wp-element-button\" href=\"http:\/\/www.univ-bouira.dz\/bac\/wp-content\/uploads\/2024\/07\/cde.mp4\">\u062f\u0627\u0631 \u0627\u0644\u0630\u0643\u0627\u0621 \u0627\u0644\u0625\u0635\u0637\u0646\u0627\u0639\u064a<\/a><\/div>\n<\/div>\n\n\n\n<hr class=\"wp-block-separator has-alpha-channel-opacity\"\/>\n\n\n\n<blockquote class=\"wp-block-quote\">\n<p class=\"has-text-align-right\"><em> \u062a\u0648\u0627\u0635\u0644 \u0645\u0639 \u0627\u0644\u0643\u0644\u064a\u0627\u062a \u0639\u0628\u0631 \u0635\u0641\u062d\u0627\u062a \u0627\u0644\u0641\u0627\u064a\u0633\u0628\u0648\u0643<\/em><\/p>\n<\/blockquote>\n\n\n\n<div class=\"wp-block-columns has-background is-layout-flex wp-container-7\" style=\"background-color:#f1f1f1\">\n<div class=\"wp-block-column is-layout-flow\">\n<p class=\"has-text-align-right has-small-font-size\"><a href=\"https:\/\/www.facebook.com\/people\/FSSA-Universit%C3%A9-de-Bouira\/100036659481634\/\">\u0643\u0644\u064a\u0629 \u0627\u0644\u0639\u0644\u0648\u0645 \u0648\u0627\u0644\u0639\u0644\u0648\u0645 \u0627\u0644\u062a\u0637\u0628\u064a\u0642\u064a\u0629<\/a><\/p>\n\n\n\n<p class=\"has-text-align-right has-small-font-size\"><a href=\"https:\/\/www.facebook.com\/profile.php?id=100087614539809\">\u0643\u0644\u064a\u0629 \u0627\u0644\u0623\u062f\u0628 \u0648\u0627\u0644\u0644\u063a\u0627\u062a<\/a><\/p>\n<\/div>\n\n\n\n<div class=\"wp-block-column is-layout-flow\">\n<p class=\"has-text-align-right has-small-font-size\"><a href=\"https:\/\/sibit.com\/click?redirect=https%3A%2F%2Fwww.facebook.com%2Fprofile.php%3Fid%3D100064026040189&amp;dID=1668550114467&amp;linkName=https:\/\/www.facebook.com\/profile.php?id=100064026040189\">\u0645\u0639\u0647\u062f \u0627\u0644\u062a\u0643\u0646\u0648\u0644\u0648\u062c\u064a\u0627<\/a><\/p>\n\n\n\n<p class=\"has-text-align-right has-small-font-size\"><a href=\"https:\/\/www.facebook.com\/profile.php?id=100064862220682\">\u062c\u0627\u0645\u0639\u0629 \u0627\u0644\u0628\u0648\u064a\u0631\u0629<\/a><\/p>\n<\/div>\n\n\n\n<div class=\"wp-block-column is-layout-flow\">\n<p class=\"has-text-align-right has-small-font-size\"><a href=\"https:\/\/www.facebook.com\/login\/?next=https%3A%2F%2Fwww.facebook.com%2FSEGC.UNIVBOUIRA.DZ%2F%3Fmibextid%3DZbWKwL\">\u0643\u0644\u064a\u0629 \u0627\u0644\u0639\u0644\u0648\u0645 \u0627\u0644\u0625\u0642\u062a\u0635\u0627\u062f\u064a\u0629\u060c \u0627\u0644\u062a\u062c\u0627\u0631\u064a\u0629 \u0648\u0639\u0644\u0648\u0645 \u0627\u0644\u062a\u0633\u064a\u064a\u0631<\/a><\/p>\n\n\n\n<p class=\"has-text-align-right has-small-font-size\"><a href=\"https:\/\/www.facebook.com\/profile.php?id=100012739591687\">\u0645\u0639\u0647\u062f \u0639\u0644\u0648\u0645 \u0648\u062a\u0642\u0646\u064a\u0627\u062a \u0627\u0644\u0646\u0634\u0627\u0637\u0627\u062a \u0627\u0644\u0628\u062f\u0646\u064a\u0629 \u0648\u0627\u0644\u0631\u064a\u0627\u0636\u064a\u0629<\/a><\/p>\n<\/div>\n<\/div>\n\n\n\n<div style=\"height:24px\" aria-hidden=\"true\" class=\"wp-block-spacer\"><\/div>\n\n\n\n<div class=\"wp-block-buttons is-content-justification-center is-layout-flex wp-container-8\">\n<div class=\"wp-block-button has-custom-width wp-block-button__width-50\"><a class=\"wp-block-button__link has-background wp-element-button\" href=\"https:\/\/www.univ-bouira.dz\/bac\/?p=337\" style=\"border-radius:0px;background-color:#08527e\">Proc\u00e9dures d&rsquo;Inscriptions<\/a><\/div>\n\n\n\n<div class=\"wp-block-button has-custom-width wp-block-button__width-50\"><a class=\"wp-block-button__link has-background wp-element-button\" href=\"https:\/\/www.univ-bouira.dz\/bac\/?p=337\" style=\"border-radius:0px;background-color:#bd1010\">\u0643\u064a\u0641\u064a\u0629 \u0627\u0644\u062a\u0633\u062c\u064a\u0644<\/a><\/div>\n<\/div>\n\n\n\n<div style=\"height:23px\" aria-hidden=\"true\" class=\"wp-block-spacer\"><\/div>\n\n\n\n<div class=\"wp-block-buttons is-content-justification-center is-layout-flex wp-container-9\">\n<div class=\"wp-block-button has-custom-width wp-block-button__width-50\"><a class=\"wp-block-button__link has-background wp-element-button\" href=\"http:\/\/www.univ-bouira.dz\/bac\/?p=697\" style=\"border-radius:0px;background-color:#d75a00\">Vid\u00e9os Explicatives<\/a><\/div>\n\n\n\n<div class=\"wp-block-button has-custom-width wp-block-button__width-50\"><a class=\"wp-block-button__link has-background wp-element-button\" href=\"http:\/\/www.univ-bouira.dz\/bac\/?p=697\" style=\"border-radius:0px;background-color:#038958\"> \u0641\u064a\u062f\u064a\u0648\u0647\u0627\u062a \u062a\u0648\u0636\u064a\u062d\u064a\u0629<\/a><\/div>\n<\/div>\n\n\n\n<div class=\"wp-block-buttons is-content-justification-left is-layout-flex wp-container-10\"><\/div>\n\n\n\n<div style=\"height:26px\" aria-hidden=\"true\" class=\"wp-block-spacer\"><\/div>\n\n\n\n<div class=\"wp-block-columns is-layout-flex wp-container-15\">\n<div class=\"wp-block-column is-layout-flow\">\n<div class=\"wp-block-buttons is-content-justification-right is-layout-flex wp-container-11\">\n<div class=\"wp-block-button has-custom-font-size has-small-font-size\"><a class=\"wp-block-button__link has-black-color has-very-light-gray-to-cyan-bluish-gray-gradient-background has-text-color has-background wp-element-button\" href=\"https:\/\/www.mesrs.dz\/wp-content\/uploads\/2022\/07\/webetu-v1.3.2.apk\">Application Android \u00ab\u00a0Portail de l&rsquo;\u00e9tudiant\u00a0\u00bb<\/a><\/div>\n<\/div>\n<\/div>\n\n\n\n<div class=\"wp-block-column is-layout-flow\">\n<div class=\"wp-block-buttons is-content-justification-center is-layout-flex wp-container-13\">\n<div class=\"wp-block-button has-custom-font-size has-small-font-size\"><a class=\"wp-block-button__link has-black-color has-very-light-gray-to-cyan-bluish-gray-gradient-background has-text-color has-background wp-element-button\" href=\"https:\/\/www.mesrs.dz\/wp-content\/uploads\/2022\/07\/webetu-v1.3.2.apk\">\u062a\u0637\u0628\u064a\u0642 \u0627\u0644\u0647\u0648\u0627\u062a\u0641 \u0627\u0644\u0630\u0643\u064a\u0629 \u0628\u0648\u0627\u0628\u0629 \u0627\u0644\u0637\u0627\u0644\u0628<\/a><\/div>\n<\/div>\n<\/div>\n<\/div>\n\n\n\n<p class=\"has-background has-small-font-size\" style=\"background-color:#eaecee\">M\u00e9thode d&rsquo;acc\u00e8s : Nom utilisateur : Ann\u00e9e de bac+ matricule de bac \u00ab\u00a0201938016521\u00a0\u00bb<\/p>\n\n\n\n<p class=\"has-background has-small-font-size\" style=\"background-color:#eaecee\">Mot de passe: mot de passe du bachelier (imprim\u00e9 sur le relev\u00e9 de note), l&rsquo;\u00e9tablissement peut demander la r\u00e9initialisation du mot passe (par d\u00e9faut c&rsquo;est la date de naissance)<\/p>\n\n\n\n<div class=\"wp-block-buttons is-content-justification-left is-layout-flex wp-container-16\"><\/div>\n","protected":false},"excerpt":{"rendered":"<p>\u0632\u064a\u0627\u0631\u0627\u062a \u0627\u0641\u062a\u0631\u0627\u0636\u064a\u0629 \u0644\u0643\u0644\u064a\u0627\u062a \u0648\u0645\u0639\u0627\u0647\u062f \u0627\u0644\u062c\u0627\u0645\u0639\u0629 \u0627\u0644\u0648\u0627\u062c\u0647\u0627\u062a \u062a\u0648\u0627\u0635\u0644 \u0645\u0639 \u0627\u0644\u0643\u0644\u064a\u0627\u062a \u0639\u0628\u0631 \u0635\u0641\u062d\u0627\u062a \u0627\u0644\u0641\u0627\u064a\u0633\u0628\u0648\u0643 \u0643\u0644\u064a\u0629 \u0627\u0644\u0639\u0644\u0648\u0645 \u0648\u0627\u0644\u0639\u0644\u0648\u0645 \u0627\u0644\u062a\u0637\u0628\u064a\u0642\u064a\u0629 \u0643\u0644\u064a\u0629 \u0627\u0644\u0623\u062f\u0628 \u0648\u0627\u0644\u0644\u063a\u0627\u062a \u0645\u0639\u0647\u062f \u0627\u0644\u062a\u0643\u0646\u0648\u0644\u0648\u062c\u064a\u0627 \u062c\u0627\u0645\u0639\u0629 \u0627\u0644\u0628\u0648\u064a\u0631\u0629 \u0643\u0644\u064a\u0629 \u0627\u0644\u0639\u0644\u0648\u0645 \u0627\u0644\u0625\u0642\u062a\u0635\u0627\u062f\u064a\u0629\u060c \u0627\u0644\u062a\u062c\u0627\u0631\u064a\u0629 \u0648\u0639\u0644\u0648\u0645 \u0627\u0644\u062a\u0633\u064a\u064a\u0631 \u0645\u0639\u0647\u062f \u0639\u0644\u0648\u0645 \u0648\u062a\u0642\u0646\u064a\u0627\u062a \u0627\u0644\u0646\u0634\u0627\u0637\u0627\u062a \u0627\u0644\u0628\u062f\u0646\u064a\u0629 \u0648\u0627\u0644\u0631\u064a\u0627\u0636\u064a\u0629 M\u00e9thode d&rsquo;acc\u00e8s : Nom utilisateur : Ann\u00e9e de bac+ matricule de bac \u00ab\u00a0201938016521\u00a0\u00bb Mot de passe: mot de passe du [&hellip;]<\/p>\n","protected":false},"author":1,"featured_media":0,"parent":0,"menu_order":0,"comment_status":"closed","ping_status":"closed","template":"","meta":[],"_links":{"self":[{"href":"http:\/\/www.univ-bouira.dz\/bac\/index.php?rest_route=\/wp\/v2\/pages\/36"}],"collection":[{"href":"http:\/\/www.univ-bouira.dz\/bac\/index.php?rest_route=\/wp\/v2\/pages"}],"about":[{"href":"http:\/\/www.univ-bouira.dz\/bac\/index.php?rest_route=\/wp\/v2\/types\/page"}],"author":[{"embeddable":true,"href":"http:\/\/www.univ-bouira.dz\/bac\/index.php?rest_route=\/wp\/v2\/users\/1"}],"replies":[{"embeddable":true,"href":"http:\/\/www.univ-bouira.dz\/bac\/index.php?rest_route=%2Fwp%2Fv2%2Fcomments&post=36"}],"version-history":[{"count":438,"href":"http:\/\/www.univ-bouira.dz\/bac\/index.php?rest_route=\/wp\/v2\/pages\/36\/revisions"}],"predecessor-version":[{"id":1382,"href":"http:\/\/www.univ-bouira.dz\/bac\/index.php?rest_route=\/wp\/v2\/pages\/36\/revisions\/1382"}],"wp:attachment":[{"href":"http:\/\/www.univ-bouira.dz\/bac\/index.php?rest_route=%2Fwp%2Fv2%2Fmedia&parent=36"}],"curies":[{"name":"wp","href":"https:\/\/api.w.org\/{rel}","templated":true}]}}