{"id":207,"date":"2022-06-21T14:45:25","date_gmt":"2022-06-21T12:45:25","guid":{"rendered":"http:\/\/bibit.univ-bouira.dz\/?page_id=207"},"modified":"2022-06-21T14:45:26","modified_gmt":"2022-06-21T12:45:26","slug":"production-scientifique","status":"publish","type":"page","link":"http:\/\/www.univ-bouira.dz\/bibit\/?page_id=207","title":{"rendered":"Production Scientifique"},"content":{"rendered":"","protected":false},"excerpt":{"rendered":"<p>Le lorem ipsum est, en imprimerie, une suite de mots sans signification utilis\u00e9e \u00e0 titre provisoire pour calibrer une mise en page, le texte d\u00e9finitif venant remplacer le faux-texte d\u00e8s qu&rsquo;il est pr\u00eat ou que la mise en page est achev\u00e9e. G\u00e9n\u00e9ralement, on utilise un texte en faux latin, le Lorem ipsum ou Lipsum<\/p>\n","protected":false},"author":1,"featured_media":0,"parent":0,"menu_order":0,"comment_status":"closed","ping_status":"closed","template":"","meta":[],"_links":{"self":[{"href":"http:\/\/www.univ-bouira.dz\/bibit\/index.php?rest_route=\/wp\/v2\/pages\/207"}],"collection":[{"href":"http:\/\/www.univ-bouira.dz\/bibit\/index.php?rest_route=\/wp\/v2\/pages"}],"about":[{"href":"http:\/\/www.univ-bouira.dz\/bibit\/index.php?rest_route=\/wp\/v2\/types\/page"}],"author":[{"embeddable":true,"href":"http:\/\/www.univ-bouira.dz\/bibit\/index.php?rest_route=\/wp\/v2\/users\/1"}],"replies":[{"embeddable":true,"href":"http:\/\/www.univ-bouira.dz\/bibit\/index.php?rest_route=%2Fwp%2Fv2%2Fcomments&post=207"}],"version-history":[{"count":1,"href":"http:\/\/www.univ-bouira.dz\/bibit\/index.php?rest_route=\/wp\/v2\/pages\/207\/revisions"}],"predecessor-version":[{"id":209,"href":"http:\/\/www.univ-bouira.dz\/bibit\/index.php?rest_route=\/wp\/v2\/pages\/207\/revisions\/209"}],"wp:attachment":[{"href":"http:\/\/www.univ-bouira.dz\/bibit\/index.php?rest_route=%2Fwp%2Fv2%2Fmedia&parent=207"}],"curies":[{"name":"wp","href":"https:\/\/api.w.org\/{rel}","templated":true}]}}