{"id":217,"date":"2022-06-21T14:52:28","date_gmt":"2022-06-21T12:52:28","guid":{"rendered":"http:\/\/bibit.univ-bouira.dz\/?page_id=217"},"modified":"2022-06-21T15:54:43","modified_gmt":"2022-06-21T13:54:43","slug":"cours","status":"publish","type":"page","link":"http:\/\/www.univ-bouira.dz\/bibit\/?page_id=217","title":{"rendered":"Cours"},"content":{"rendered":"\n<p><a href=\"http:\/\/dspace.univ-bouira.dz:8080\/jspui\/handle\/123456789\/11981\" data-type=\"URL\" data-id=\"http:\/\/dspace.univ-bouira.dz:8080\/jspui\/handle\/123456789\/11981\">Yahiaoui Abdelhalim \/M\u00e9thodes Num\u00e9riques en Ing\u00e9nierie<\/a><\/p>\n\n\n\n<p><a href=\"http:\/\/dspace.univ-bouira.dz:8080\/jspui\/handle\/123456789\/11594\" data-type=\"URL\" data-id=\"http:\/\/dspace.univ-bouira.dz:8080\/jspui\/handle\/123456789\/11594\">Iggui Kahina \/Proc\u00e9d\u00e9s Biologiques de traitement des eaux<\/a><\/p>\n","protected":false},"excerpt":{"rendered":"<p>Yahiaoui Abdelhalim \/M\u00e9thodes Num\u00e9riques en Ing\u00e9nierie Iggui Kahina \/Proc\u00e9d\u00e9s Biologiques de traitement des eaux<\/p>\n","protected":false},"author":1,"featured_media":0,"parent":0,"menu_order":0,"comment_status":"closed","ping_status":"closed","template":"","meta":[],"_links":{"self":[{"href":"http:\/\/www.univ-bouira.dz\/bibit\/index.php?rest_route=\/wp\/v2\/pages\/217"}],"collection":[{"href":"http:\/\/www.univ-bouira.dz\/bibit\/index.php?rest_route=\/wp\/v2\/pages"}],"about":[{"href":"http:\/\/www.univ-bouira.dz\/bibit\/index.php?rest_route=\/wp\/v2\/types\/page"}],"author":[{"embeddable":true,"href":"http:\/\/www.univ-bouira.dz\/bibit\/index.php?rest_route=\/wp\/v2\/users\/1"}],"replies":[{"embeddable":true,"href":"http:\/\/www.univ-bouira.dz\/bibit\/index.php?rest_route=%2Fwp%2Fv2%2Fcomments&post=217"}],"version-history":[{"count":3,"href":"http:\/\/www.univ-bouira.dz\/bibit\/index.php?rest_route=\/wp\/v2\/pages\/217\/revisions"}],"predecessor-version":[{"id":358,"href":"http:\/\/www.univ-bouira.dz\/bibit\/index.php?rest_route=\/wp\/v2\/pages\/217\/revisions\/358"}],"wp:attachment":[{"href":"http:\/\/www.univ-bouira.dz\/bibit\/index.php?rest_route=%2Fwp%2Fv2%2Fmedia&parent=217"}],"curies":[{"name":"wp","href":"https:\/\/api.w.org\/{rel}","templated":true}]}}